{"id":1772,"date":"2024-07-26T10:14:57","date_gmt":"2024-07-26T10:14:57","guid":{"rendered":"https:\/\/metopa.pro\/interjero-dizainas-ir-vizualizacijos\/"},"modified":"2024-08-29T14:03:34","modified_gmt":"2024-08-29T14:03:34","slug":"interjero-dizainas-ir-vizualizacijos","status":"publish","type":"page","link":"https:\/\/metopa.pro\/lt\/interjero-dizainas-ir-vizualizacijos\/","title":{"rendered":"Interj\u0117ro dizainas ir vizualizacijos"},"content":{"rendered":"\t\t<div data-elementor-type=\"wp-page\" data-elementor-id=\"1772\" class=\"elementor elementor-1772 elementor-1135\" data-elementor-post-type=\"page\">\n\t\t\t\t<div class=\"elementor-element elementor-element-89e19cc e-flex e-con-boxed e-con e-parent\" data-id=\"89e19cc\" data-element_type=\"container\">\n\t\t\t\t\t<div class=\"e-con-inner\">\n\t\t\t\t<div class=\"elementor-element elementor-element-6b9261f e-n-tabs-mobile elementor-widget elementor-widget-n-tabs\" data-id=\"6b9261f\" data-element_type=\"widget\" data-settings=\"{&quot;tabs_justify_horizontal&quot;:&quot;start&quot;,&quot;horizontal_scroll&quot;:&quot;disable&quot;}\" data-widget_type=\"nested-tabs.default\">\n\t\t\t\t<div class=\"elementor-widget-container\">\n\t\t\t\t\t\t\t<div class=\"e-n-tabs\" data-widget-number=\"112797215\" aria-label=\"Tabs. Open items with Enter or Space, close with Escape and navigate using the Arrow keys.\">\n\t\t\t<div class=\"e-n-tabs-heading\" role=\"tablist\">\n\t\t\t\t\t<button id=\"e-n-tab-title-1127972151\" class=\"e-n-tab-title\" aria-selected=\"true\" data-tab-index=\"1\" role=\"tab\" tabindex=\"0\" aria-controls=\"e-n-tab-content-1127972151\" style=\"--n-tabs-title-order: 1;\">\n\t\t\t\t\t<span class=\"e-n-tab-icon\">\n\t\t\t<i aria-hidden=\"true\" class=\"far fa-image\"><\/i>\t\t\t<i aria-hidden=\"true\" class=\"far fa-image\"><\/i>\t\t<\/span>\n\t\t\t\t\t<span class=\"e-n-tab-title-text\">\n\t\t\t\tSien\u0173 iliustracijos\/freskos\t\t\t<\/span>\n\t\t<\/button>\n\t\t\t\t<button id=\"e-n-tab-title-1127972152\" class=\"e-n-tab-title\" aria-selected=\"false\" data-tab-index=\"2\" role=\"tab\" tabindex=\"-1\" aria-controls=\"e-n-tab-content-1127972152\" style=\"--n-tabs-title-order: 2;\">\n\t\t\t\t\t<span class=\"e-n-tab-icon\">\n\t\t\t<i aria-hidden=\"true\" class=\"fas fa-pen\"><\/i>\t\t\t<i aria-hidden=\"true\" class=\"fas fa-pen\"><\/i>\t\t<\/span>\n\t\t\t\t\t<span class=\"e-n-tab-title-text\">\n\t\t\t\tVidaus erdv\u0117s planavimas\t\t\t<\/span>\n\t\t<\/button>\n\t\t\t\t<button id=\"e-n-tab-title-1127972153\" class=\"e-n-tab-title\" aria-selected=\"false\" data-tab-index=\"3\" role=\"tab\" tabindex=\"-1\" aria-controls=\"e-n-tab-content-1127972153\" style=\"--n-tabs-title-order: 3;\">\n\t\t\t\t\t<span class=\"e-n-tab-icon\">\n\t\t\t<i aria-hidden=\"true\" class=\"fas fa-cubes\"><\/i>\t\t\t<i aria-hidden=\"true\" class=\"fas fa-cubes\"><\/i>\t\t<\/span>\n\t\t\t\t\t<span class=\"e-n-tab-title-text\">\n\t\t\t\tBald\u0173 parinkimas ir projektavimas\t\t\t<\/span>\n\t\t<\/button>\n\t\t\t\t<button id=\"e-n-tab-title-1127972154\" class=\"e-n-tab-title\" aria-selected=\"false\" data-tab-index=\"4\" role=\"tab\" tabindex=\"-1\" aria-controls=\"e-n-tab-content-1127972154\" style=\"--n-tabs-title-order: 4;\">\n\t\t\t\t\t<span class=\"e-n-tab-icon\">\n\t\t\t<i aria-hidden=\"true\" class=\"fas fa-cube\"><\/i>\t\t\t<i aria-hidden=\"true\" class=\"fas fa-cube\"><\/i>\t\t<\/span>\n\t\t\t\t\t<span class=\"e-n-tab-title-text\">\n\t\t\t\t3D interjero vizualizacijos\t\t\t<\/span>\n\t\t<\/button>\n\t\t\t\t<button id=\"e-n-tab-title-1127972155\" class=\"e-n-tab-title\" aria-selected=\"false\" data-tab-index=\"5\" role=\"tab\" tabindex=\"-1\" aria-controls=\"e-n-tab-content-1127972155\" style=\"--n-tabs-title-order: 5;\">\n\t\t\t\t\t<span class=\"e-n-tab-icon\">\n\t\t\t<i aria-hidden=\"true\" class=\"fas fa-paint-brush\"><\/i>\t\t\t<i aria-hidden=\"true\" class=\"fas fa-paint-brush\"><\/i>\t\t<\/span>\n\t\t\t\t\t<span class=\"e-n-tab-title-text\">\n\t\t\t\tDominuojan\u010di\u0173 med\u017eiag\u0173 ir spalv\u0173 parinkimas\t\t\t<\/span>\n\t\t<\/button>\n\t\t\t\t<button id=\"e-n-tab-title-1127972156\" class=\"e-n-tab-title\" aria-selected=\"false\" data-tab-index=\"6\" role=\"tab\" tabindex=\"-1\" aria-controls=\"e-n-tab-content-1127972156\" style=\"--n-tabs-title-order: 6;\">\n\t\t\t\t\t<span class=\"e-n-tab-icon\">\n\t\t\t<i aria-hidden=\"true\" class=\"fas fa-map\"><\/i>\t\t\t<i aria-hidden=\"true\" class=\"fas fa-map\"><\/i>\t\t<\/span>\n\t\t\t\t\t<span class=\"e-n-tab-title-text\">\n\t\t\t\tBr\u0117\u017einiai\t\t\t<\/span>\n\t\t<\/button>\n\t\t\t\t\t<\/div>\n\t\t\t<div class=\"e-n-tabs-content\">\n\t\t\t\t<div id=\"e-n-tab-content-1127972151\" role=\"tabpanel\" aria-labelledby=\"e-n-tab-title-1127972151\" data-tab-index=\"1\" style=\"--n-tabs-title-order: 1;\" class=\"e-active elementor-element elementor-element-4539b19 e-con-full e-flex e-con e-parent\" data-id=\"4539b19\" data-element_type=\"container\">\n\t\t<div class=\"elementor-element elementor-element-1bc6d6b e-flex e-con-boxed e-con e-child\" data-id=\"1bc6d6b\" data-element_type=\"container\" data-settings=\"{&quot;background_background&quot;:&quot;classic&quot;}\">\n\t\t\t\t\t<div class=\"e-con-inner\">\n\t\t\t\t<div class=\"elementor-element elementor-element-80e87e5 elementor-widget elementor-widget-video\" data-id=\"80e87e5\" data-element_type=\"widget\" data-settings=\"{&quot;video_type&quot;:&quot;hosted&quot;,&quot;autoplay&quot;:&quot;yes&quot;,&quot;play_on_mobile&quot;:&quot;yes&quot;,&quot;mute&quot;:&quot;yes&quot;,&quot;loop&quot;:&quot;yes&quot;,&quot;controls&quot;:&quot;yes&quot;}\" data-widget_type=\"video.default\">\n\t\t\t\t<div class=\"elementor-widget-container\">\n\t\t\t\t\t\t\t<div class=\"e-hosted-video elementor-wrapper elementor-open-inline\">\n\t\t\t\t\t<video class=\"elementor-video\" src=\"https:\/\/metopa.pro\/wp-content\/uploads\/2024\/08\/IMG_0-1.mov\" autoplay=\"\" loop=\"\" controls=\"\" muted=\"muted\" playsinline=\"\" controlsList=\"nodownload\"><\/video>\n\t\t\t\t<\/div>\n\t\t\t\t\t\t<\/div>\n\t\t\t\t<\/div>\n\t\t<div class=\"elementor-element elementor-element-031d63b e-con-full e-flex e-con e-parent\" data-id=\"031d63b\" data-element_type=\"container\">\n\t\t<div class=\"elementor-element elementor-element-5312472 e-con-full e-flex e-con e-parent\" data-id=\"5312472\" data-element_type=\"container\">\n\t\t\t\t<div class=\"elementor-element elementor-element-6c8a41e elementor-widget__width-initial elementor-widget elementor-widget-heading\" data-id=\"6c8a41e\" data-element_type=\"widget\" data-widget_type=\"heading.default\">\n\t\t\t\t<div class=\"elementor-widget-container\">\n\t\t\t\t\t<h2 class=\"elementor-heading-title elementor-size-default\">Ant sienos specialia technika galima pie\u0161ti \u012fvairias iliustracijas.<\/h2>\t\t\t\t<\/div>\n\t\t\t\t<\/div>\n\t\t\t\t<\/div>\n\t\t\t\t<\/div>\n\t\t\t\t\t<\/div>\n\t\t\t\t<\/div>\n\t\t\t\t<\/div>\n\t\t<div id=\"e-n-tab-content-1127972152\" role=\"tabpanel\" aria-labelledby=\"e-n-tab-title-1127972152\" data-tab-index=\"2\" style=\"--n-tabs-title-order: 2;\" class=\" elementor-element elementor-element-1207260 e-con-full e-flex e-con e-parent\" data-id=\"1207260\" data-element_type=\"container\">\n\t\t<div class=\"elementor-element elementor-element-09bffdb e-flex e-con-boxed e-con e-child\" data-id=\"09bffdb\" data-element_type=\"container\" data-settings=\"{&quot;background_background&quot;:&quot;classic&quot;}\">\n\t\t\t\t\t<div class=\"e-con-inner\">\n\t\t<div class=\"elementor-element elementor-element-0d34e38 e-con-full e-flex e-con e-parent\" data-id=\"0d34e38\" data-element_type=\"container\">\n\t\t<div class=\"elementor-element elementor-element-043618d e-con-full e-flex e-con e-parent\" data-id=\"043618d\" data-element_type=\"container\">\n\t\t\t\t<div class=\"elementor-element elementor-element-6511bca elementor-widget__width-initial elementor-widget elementor-widget-heading\" data-id=\"6511bca\" data-element_type=\"widget\" data-widget_type=\"heading.default\">\n\t\t\t\t<div class=\"elementor-widget-container\">\n\t\t\t\t\t<h2 class=\"elementor-heading-title elementor-size-default\">Atliekame konceptual\u0173 erdv\u0117s planavim\u0105.<\/h2>\t\t\t\t<\/div>\n\t\t\t\t<\/div>\n\t\t\t\t<\/div>\n\t\t\t\t<\/div>\n\t\t\t\t\t<\/div>\n\t\t\t\t<\/div>\n\t\t\t\t<\/div>\n\t\t<div id=\"e-n-tab-content-1127972153\" role=\"tabpanel\" aria-labelledby=\"e-n-tab-title-1127972153\" data-tab-index=\"3\" style=\"--n-tabs-title-order: 3;\" class=\" elementor-element elementor-element-da0e215 e-con-full e-flex e-con e-parent\" data-id=\"da0e215\" data-element_type=\"container\">\n\t\t<div class=\"elementor-element elementor-element-4b9d059 e-flex e-con-boxed e-con e-child\" data-id=\"4b9d059\" data-element_type=\"container\" data-settings=\"{&quot;background_background&quot;:&quot;classic&quot;}\">\n\t\t\t\t\t<div class=\"e-con-inner\">\n\t\t<div class=\"elementor-element elementor-element-3ef482d e-con-full e-flex e-con e-parent\" data-id=\"3ef482d\" data-element_type=\"container\">\n\t\t<div class=\"elementor-element elementor-element-283450a e-con-full e-flex e-con e-parent\" data-id=\"283450a\" data-element_type=\"container\">\n\t\t\t\t<div class=\"elementor-element elementor-element-5abb717 elementor-widget__width-initial elementor-widget elementor-widget-heading\" data-id=\"5abb717\" data-element_type=\"widget\" data-widget_type=\"heading.default\">\n\t\t\t\t<div class=\"elementor-widget-container\">\n\t\t\t\t\t<h2 class=\"elementor-heading-title elementor-size-default\">Parenkame tinkamiausi\u0105 \u012frang\u0105, apstatym\u0105 ir baldus.<\/h2>\t\t\t\t<\/div>\n\t\t\t\t<\/div>\n\t\t\t\t<\/div>\n\t\t\t\t<\/div>\n\t\t\t\t\t<\/div>\n\t\t\t\t<\/div>\n\t\t\t\t<\/div>\n\t\t<div id=\"e-n-tab-content-1127972154\" role=\"tabpanel\" aria-labelledby=\"e-n-tab-title-1127972154\" data-tab-index=\"4\" style=\"--n-tabs-title-order: 4;\" class=\" elementor-element elementor-element-109a4e2 e-con-full e-flex e-con e-parent\" data-id=\"109a4e2\" data-element_type=\"container\">\n\t\t<div class=\"elementor-element elementor-element-24ca1c6 e-flex e-con-boxed e-con e-child\" data-id=\"24ca1c6\" data-element_type=\"container\" data-settings=\"{&quot;background_background&quot;:&quot;classic&quot;}\">\n\t\t\t\t\t<div class=\"e-con-inner\">\n\t\t<div class=\"elementor-element elementor-element-3a54a5d e-con-full e-flex e-con e-parent\" data-id=\"3a54a5d\" data-element_type=\"container\">\n\t\t<div class=\"elementor-element elementor-element-cea7ed3 e-con-full e-flex e-con e-parent\" data-id=\"cea7ed3\" data-element_type=\"container\">\n\t\t\t\t<div class=\"elementor-element elementor-element-c5cffdc elementor-widget__width-initial elementor-widget elementor-widget-heading\" data-id=\"c5cffdc\" data-element_type=\"widget\" data-widget_type=\"heading.default\">\n\t\t\t\t<div class=\"elementor-widget-container\">\n\t\t\t\t\t<h2 class=\"elementor-heading-title elementor-size-default\">Atliekame realistines 3D kompiuterines interjer\u0173 ar j\u0173 fragment\u0173 vizualizacijas.<\/h2>\t\t\t\t<\/div>\n\t\t\t\t<\/div>\n\t\t\t\t<\/div>\n\t\t\t\t<\/div>\n\t\t\t\t\t<\/div>\n\t\t\t\t<\/div>\n\t\t\t\t<\/div>\n\t\t<div id=\"e-n-tab-content-1127972155\" role=\"tabpanel\" aria-labelledby=\"e-n-tab-title-1127972155\" data-tab-index=\"5\" style=\"--n-tabs-title-order: 5;\" class=\" elementor-element elementor-element-d64c928 e-con-full e-flex e-con e-parent\" data-id=\"d64c928\" data-element_type=\"container\">\n\t\t<div class=\"elementor-element elementor-element-621ce7d e-flex e-con-boxed e-con e-child\" data-id=\"621ce7d\" data-element_type=\"container\" data-settings=\"{&quot;background_background&quot;:&quot;classic&quot;}\">\n\t\t\t\t\t<div class=\"e-con-inner\">\n\t\t<div class=\"elementor-element elementor-element-cdf52ce e-con-full e-flex e-con e-parent\" data-id=\"cdf52ce\" data-element_type=\"container\">\n\t\t<div class=\"elementor-element elementor-element-78b4c61 e-con-full e-flex e-con e-parent\" data-id=\"78b4c61\" data-element_type=\"container\">\n\t\t\t\t<div class=\"elementor-element elementor-element-65d75ae elementor-widget__width-initial elementor-widget elementor-widget-heading\" data-id=\"65d75ae\" data-element_type=\"widget\" data-widget_type=\"heading.default\">\n\t\t\t\t<div class=\"elementor-widget-container\">\n\t\t\t\t\t<h2 class=\"elementor-heading-title elementor-size-default\">Parenkame tinkamiausias med\u017eiagas ir j\u0173 spalvas.<\/h2>\t\t\t\t<\/div>\n\t\t\t\t<\/div>\n\t\t\t\t<\/div>\n\t\t\t\t<\/div>\n\t\t\t\t\t<\/div>\n\t\t\t\t<\/div>\n\t\t\t\t<\/div>\n\t\t<div id=\"e-n-tab-content-1127972156\" role=\"tabpanel\" aria-labelledby=\"e-n-tab-title-1127972156\" data-tab-index=\"6\" style=\"--n-tabs-title-order: 6;\" class=\" elementor-element elementor-element-da24b0d e-con-full e-flex e-con e-parent\" data-id=\"da24b0d\" data-element_type=\"container\">\n\t\t<div class=\"elementor-element elementor-element-7470039 e-flex e-con-boxed e-con e-child\" data-id=\"7470039\" data-element_type=\"container\" data-settings=\"{&quot;background_background&quot;:&quot;classic&quot;}\">\n\t\t\t\t\t<div class=\"e-con-inner\">\n\t\t<div class=\"elementor-element elementor-element-34945fe e-con-full e-flex e-con e-parent\" data-id=\"34945fe\" data-element_type=\"container\">\n\t\t<div class=\"elementor-element elementor-element-7a9cd5f e-con-full e-flex e-con e-parent\" data-id=\"7a9cd5f\" data-element_type=\"container\">\n\t\t\t\t<div class=\"elementor-element elementor-element-59b1544 elementor-widget__width-initial elementor-widget elementor-widget-heading\" data-id=\"59b1544\" data-element_type=\"widget\" data-widget_type=\"heading.default\">\n\t\t\t\t<div class=\"elementor-widget-container\">\n\t\t\t\t\t<h2 class=\"elementor-heading-title elementor-size-default\">Galime sudaryti: auk\u0161t\u0173 planus, pj\u016bvi\u0173 br\u0117\u017einius.<\/h2>\t\t\t\t<\/div>\n\t\t\t\t<\/div>\n\t\t\t\t<\/div>\n\t\t\t\t<\/div>\n\t\t\t\t\t<\/div>\n\t\t\t\t<\/div>\n\t\t\t\t<\/div>\n\t\t\t\t\t<\/div>\n\t\t<\/div>\n\t\t\t\t\t\t<\/div>\n\t\t\t\t<\/div>\n\t\t\t\t\t<\/div>\n\t\t\t\t<\/div>\n\t\t<div class=\"elementor-element elementor-element-aecaedb e-flex e-con-boxed e-con e-parent\" data-id=\"aecaedb\" data-element_type=\"container\" data-settings=\"{&quot;background_background&quot;:&quot;classic&quot;}\">\n\t\t\t\t\t<div class=\"e-con-inner\">\n\t\t\t\t<div class=\"elementor-element elementor-element-61f4bcd elementor-widget elementor-widget-heading\" data-id=\"61f4bcd\" data-element_type=\"widget\" data-widget_type=\"heading.default\">\n\t\t\t\t<div class=\"elementor-widget-container\">\n\t\t\t\t\t<h2 class=\"elementor-heading-title elementor-size-default\">Dirbkime kartu<\/h2>\t\t\t\t<\/div>\n\t\t\t\t<\/div>\n\t\t\t\t\t<\/div>\n\t\t\t\t<\/div>\n\t\t<div class=\"elementor-element elementor-element-ecaabce e-flex e-con-boxed e-con e-parent\" data-id=\"ecaabce\" data-element_type=\"container\">\n\t\t\t\t\t<div class=\"e-con-inner\">\n\t\t\t\t<div class=\"elementor-element elementor-element-6a614df elementor-button-align-stretch elementor-widget elementor-widget-form\" data-id=\"6a614df\" data-element_type=\"widget\" data-settings=\"{&quot;step_next_label&quot;:&quot;Next&quot;,&quot;step_previous_label&quot;:&quot;Previous&quot;,&quot;button_width&quot;:&quot;100&quot;,&quot;step_type&quot;:&quot;number_text&quot;,&quot;step_icon_shape&quot;:&quot;circle&quot;}\" data-widget_type=\"form.default\">\n\t\t\t\t<div class=\"elementor-widget-container\">\n\t\t\t\t\t\t\t<form class=\"elementor-form\" method=\"post\" id=\"form_01\" name=\"Interj\u0117ro dizainas ir vizualizacijos \" aria-label=\"Interj\u0117ro dizainas ir vizualizacijos \">\n\t\t\t<input type=\"hidden\" name=\"post_id\" value=\"1772\"\/>\n\t\t\t<input type=\"hidden\" name=\"form_id\" value=\"6a614df\"\/>\n\t\t\t<input type=\"hidden\" name=\"referer_title\" value=\"Interj\u0117ro dizainas ir vizualizacijos\" \/>\n\n\t\t\t\t\t\t\t<input type=\"hidden\" name=\"queried_id\" value=\"1772\"\/>\n\t\t\t\n\t\t\t<div class=\"elementor-form-fields-wrapper elementor-labels-above\">\n\t\t\t\t\t\t\t\t<div class=\"elementor-field-type-text elementor-field-group elementor-column elementor-field-group-name elementor-col-100 elementor-field-required elementor-mark-required\">\n\t\t\t\t\t\t\t\t\t\t\t\t<label for=\"form-field-name\" class=\"elementor-field-label\">\n\t\t\t\t\t\t\t\tVardas Pavard\u0117\t\t\t\t\t\t\t<\/label>\n\t\t\t\t\t\t\t\t\t\t\t\t\t\t<input size=\"1\" type=\"text\" name=\"form_fields[name]\" id=\"form-field-name\" class=\"elementor-field elementor-size-sm  elementor-field-textual\" placeholder=\"Vardas Pavard\u0117\" required=\"required\">\n\t\t\t\t\t\t\t\t\t\t\t<\/div>\n\t\t\t\t\t\t\t\t<div class=\"elementor-field-type-text elementor-field-group elementor-column elementor-field-group-address elementor-col-100 elementor-field-required elementor-mark-required\">\n\t\t\t\t\t\t\t\t\t\t\t\t<label for=\"form-field-address\" class=\"elementor-field-label\">\n\t\t\t\t\t\t\t\tAdresas\t\t\t\t\t\t\t<\/label>\n\t\t\t\t\t\t\t\t\t\t\t\t\t\t<input size=\"1\" type=\"text\" name=\"form_fields[address]\" id=\"form-field-address\" class=\"elementor-field elementor-size-sm  elementor-field-textual\" placeholder=\"Adresas\" required=\"required\">\n\t\t\t\t\t\t\t\t\t\t\t<\/div>\n\t\t\t\t\t\t\t\t<div class=\"elementor-field-type-number elementor-field-group elementor-column elementor-field-group-number elementor-col-100 elementor-field-required elementor-mark-required\">\n\t\t\t\t\t\t\t\t\t\t\t\t<label for=\"form-field-number\" class=\"elementor-field-label\">\n\t\t\t\t\t\t\t\tPastato numeris\t\t\t\t\t\t\t<\/label>\n\t\t\t\t\t\t\t\t\t<input type=\"number\" name=\"form_fields[number]\" id=\"form-field-number\" class=\"elementor-field elementor-size-sm  elementor-field-textual\" placeholder=\"Pastato numeris\" required=\"required\" min=\"\" max=\"\" >\n\t\t\t\t\t\t<\/div>\n\t\t\t\t\t\t\t\t<div class=\"elementor-field-type-tel elementor-field-group elementor-column elementor-field-group-phone elementor-col-50 elementor-field-required elementor-mark-required\">\n\t\t\t\t\t\t\t\t\t\t\t\t<label for=\"form-field-phone\" class=\"elementor-field-label\">\n\t\t\t\t\t\t\t\tTelefono numeris\t\t\t\t\t\t\t<\/label>\n\t\t\t\t\t\t\t\t<input size=\"1\" type=\"tel\" name=\"form_fields[phone]\" id=\"form-field-phone\" class=\"elementor-field elementor-size-sm  elementor-field-textual\" placeholder=\"Telefono numeris\" required=\"required\" pattern=\"[0-9()#&amp;+*-=.]+\" title=\"Only numbers and phone characters (#, -, *, etc) are accepted.\">\n\n\t\t\t\t\t\t<\/div>\n\t\t\t\t\t\t\t\t<div class=\"elementor-field-type-email elementor-field-group elementor-column elementor-field-group-email elementor-col-50 elementor-field-required elementor-mark-required\">\n\t\t\t\t\t\t\t\t\t\t\t\t<label for=\"form-field-email\" class=\"elementor-field-label\">\n\t\t\t\t\t\t\t\tE-pa\u0161tas\t\t\t\t\t\t\t<\/label>\n\t\t\t\t\t\t\t\t\t\t\t\t\t\t<input size=\"1\" type=\"email\" name=\"form_fields[email]\" id=\"form-field-email\" class=\"elementor-field elementor-size-sm  elementor-field-textual\" placeholder=\"E-pa\u0161tas\" required=\"required\">\n\t\t\t\t\t\t\t\t\t\t\t<\/div>\n\t\t\t\t\t\t\t\t<div class=\"elementor-field-type-textarea elementor-field-group elementor-column elementor-field-group-message elementor-col-100 elementor-field-required elementor-mark-required\">\n\t\t\t\t\t\t\t\t\t\t\t\t<label for=\"form-field-message\" class=\"elementor-field-label\">\n\t\t\t\t\t\t\t\tSituacijos apra\u0161ymas\t\t\t\t\t\t\t<\/label>\n\t\t\t\t\t\t<textarea class=\"elementor-field-textual elementor-field  elementor-size-sm\" name=\"form_fields[message]\" id=\"form-field-message\" rows=\"4\" placeholder=\"Situacijos apra\u0161ymas\" required=\"required\"><\/textarea>\t\t\t\t<\/div>\n\t\t\t\t\t\t\t\t<div class=\"elementor-field-type-upload elementor-field-group elementor-column elementor-field-group-field_d137a1e elementor-col-100 elementor-field-required elementor-mark-required\">\n\t\t\t\t\t\t\t\t\t\t\t\t<label for=\"form-field-field_d137a1e\" class=\"elementor-field-label\">\n\t\t\t\t\t\t\t\tPriedas\t\t\t\t\t\t\t<\/label>\n\t\t\t\t\t\t\t\t<input type=\"file\" name=\"form_fields[field_d137a1e][]\" id=\"form-field-field_d137a1e\" class=\"elementor-field elementor-size-sm  elementor-upload-field\" required=\"required\" multiple=\"multiple\" data-maxsize=\"128\" data-maxsize-message=\"This file exceeds the maximum allowed size.\">\n\n\t\t\t\t\t\t<\/div>\n\t\t\t\t\t\t\t\t<div class=\"elementor-field-group elementor-column elementor-field-type-submit elementor-col-100 e-form__buttons\">\n\t\t\t\t\t<button class=\"elementor-button elementor-size-sm\" type=\"submit\">\n\t\t\t\t\t\t<span class=\"elementor-button-content-wrapper\">\n\t\t\t\t\t\t\t\t\t\t\t\t\t\t\t\t\t\t\t\t\t\t<span class=\"elementor-button-text\">Si\u0173sti<\/span>\n\t\t\t\t\t\t\t\t\t\t\t\t\t<\/span>\n\t\t\t\t\t<\/button>\n\t\t\t\t<\/div>\n\t\t\t<\/div>\n\t\t<\/form>\n\t\t\t\t\t\t<\/div>\n\t\t\t\t<\/div>\n\t\t\t\t\t<\/div>\n\t\t\t\t<\/div>\n\t\t\t\t<\/div>\n\t\t","protected":false},"excerpt":{"rendered":"<p>Sien\u0173 iliustracijos\/freskos Vidaus erdv\u0117s planavimas Bald\u0173 parinkimas ir projektavimas 3D interjero vizualizacijos Dominuojan\u010di\u0173 med\u017eiag\u0173 ir spalv\u0173 parinkimas Br\u0117\u017einiai Sien\u0173 iliustracijos\/freskos Ant sienos [&hellip;]<\/p>\n","protected":false},"author":1,"featured_media":0,"parent":0,"menu_order":0,"comment_status":"closed","ping_status":"closed","template":"","meta":{"om_disable_all_campaigns":false,"_monsterinsights_skip_tracking":false,"_monsterinsights_sitenote_active":false,"_monsterinsights_sitenote_note":"","_monsterinsights_sitenote_category":0,"footnotes":""},"class_list":["post-1772","page","type-page","status-publish","hentry"],"_links":{"self":[{"href":"https:\/\/metopa.pro\/lt\/wp-json\/wp\/v2\/pages\/1772","targetHints":{"allow":["GET"]}}],"collection":[{"href":"https:\/\/metopa.pro\/lt\/wp-json\/wp\/v2\/pages"}],"about":[{"href":"https:\/\/metopa.pro\/lt\/wp-json\/wp\/v2\/types\/page"}],"author":[{"embeddable":true,"href":"https:\/\/metopa.pro\/lt\/wp-json\/wp\/v2\/users\/1"}],"replies":[{"embeddable":true,"href":"https:\/\/metopa.pro\/lt\/wp-json\/wp\/v2\/comments?post=1772"}],"version-history":[{"count":7,"href":"https:\/\/metopa.pro\/lt\/wp-json\/wp\/v2\/pages\/1772\/revisions"}],"predecessor-version":[{"id":1811,"href":"https:\/\/metopa.pro\/lt\/wp-json\/wp\/v2\/pages\/1772\/revisions\/1811"}],"wp:attachment":[{"href":"https:\/\/metopa.pro\/lt\/wp-json\/wp\/v2\/media?parent=1772"}],"curies":[{"name":"wp","href":"https:\/\/api.w.org\/{rel}","templated":true}]}}