{"id":1778,"date":"2024-02-01T17:48:44","date_gmt":"2024-02-01T17:48:44","guid":{"rendered":"https:\/\/metopa.pro\/architekturos-projektavimas-ir-vizualizacijos\/"},"modified":"2024-08-29T14:04:22","modified_gmt":"2024-08-29T14:04:22","slug":"architekturos-projektavimas-ir-vizualizacijos","status":"publish","type":"page","link":"https:\/\/metopa.pro\/lt\/architekturos-projektavimas-ir-vizualizacijos\/","title":{"rendered":"Architekt\u016bros projektavimas ir vizualizacijos"},"content":{"rendered":"\t\t<div data-elementor-type=\"wp-page\" data-elementor-id=\"1778\" class=\"elementor elementor-1778 elementor-946\" data-elementor-post-type=\"page\">\n\t\t\t\t<div class=\"elementor-element elementor-element-dbdf11b e-flex e-con-boxed e-con e-parent\" data-id=\"dbdf11b\" data-element_type=\"container\">\n\t\t\t\t\t<div class=\"e-con-inner\">\n\t\t\t\t<div class=\"elementor-element elementor-element-b35adb9 e-n-tabs-mobile elementor-widget elementor-widget-n-tabs\" data-id=\"b35adb9\" data-element_type=\"widget\" data-settings=\"{&quot;tabs_justify_horizontal&quot;:&quot;start&quot;,&quot;horizontal_scroll&quot;:&quot;disable&quot;}\" data-widget_type=\"nested-tabs.default\">\n\t\t\t\t<div class=\"elementor-widget-container\">\n\t\t\t\t\t\t\t<div class=\"e-n-tabs\" data-widget-number=\"188067257\" aria-label=\"Tabs. Open items with Enter or Space, close with Escape and navigate using the Arrow keys.\">\n\t\t\t<div class=\"e-n-tabs-heading\" role=\"tablist\">\n\t\t\t\t\t<button id=\"e-n-tab-title-1880672571\" class=\"e-n-tab-title\" aria-selected=\"true\" data-tab-index=\"1\" role=\"tab\" tabindex=\"0\" aria-controls=\"e-n-tab-content-1880672571\" style=\"--n-tabs-title-order: 1;\">\n\t\t\t\t\t<span class=\"e-n-tab-icon\">\n\t\t\t<i aria-hidden=\"true\" class=\"fas fa-pen\"><\/i>\t\t\t<i aria-hidden=\"true\" class=\"fas fa-pen\"><\/i>\t\t<\/span>\n\t\t\t\t\t<span class=\"e-n-tab-title-text\">\n\t\t\t\tKoncepciniai br\u0117\u017einiai\t\t\t<\/span>\n\t\t<\/button>\n\t\t\t\t<button id=\"e-n-tab-title-1880672572\" class=\"e-n-tab-title\" aria-selected=\"false\" data-tab-index=\"2\" role=\"tab\" tabindex=\"-1\" aria-controls=\"e-n-tab-content-1880672572\" style=\"--n-tabs-title-order: 2;\">\n\t\t\t\t\t<span class=\"e-n-tab-icon\">\n\t\t\t<i aria-hidden=\"true\" class=\"fas fa-tree\"><\/i>\t\t\t<i aria-hidden=\"true\" class=\"fas fa-tree\"><\/i>\t\t<\/span>\n\t\t\t\t\t<span class=\"e-n-tab-title-text\">\n\t\t\t\tAplinkos sutvarkymo sprendimai\t\t\t<\/span>\n\t\t<\/button>\n\t\t\t\t<button id=\"e-n-tab-title-1880672573\" class=\"e-n-tab-title\" aria-selected=\"false\" data-tab-index=\"3\" role=\"tab\" tabindex=\"-1\" aria-controls=\"e-n-tab-content-1880672573\" style=\"--n-tabs-title-order: 3;\">\n\t\t\t\t\t<span class=\"e-n-tab-icon\">\n\t\t\t<i aria-hidden=\"true\" class=\"fas fa-cube\"><\/i>\t\t\t<i aria-hidden=\"true\" class=\"fas fa-cube\"><\/i>\t\t<\/span>\n\t\t\t\t\t<span class=\"e-n-tab-title-text\">\n\t\t\t\t3D modeliavimas ir 3D vizualizacija\t\t\t<\/span>\n\t\t<\/button>\n\t\t\t\t<button id=\"e-n-tab-title-1880672574\" class=\"e-n-tab-title\" aria-selected=\"false\" data-tab-index=\"4\" role=\"tab\" tabindex=\"-1\" aria-controls=\"e-n-tab-content-1880672574\" style=\"--n-tabs-title-order: 4;\">\n\t\t\t\t\t<span class=\"e-n-tab-icon\">\n\t\t\t<i aria-hidden=\"true\" class=\"fas fa-paint-brush\"><\/i>\t\t\t<i aria-hidden=\"true\" class=\"fas fa-paint-brush\"><\/i>\t\t<\/span>\n\t\t\t\t\t<span class=\"e-n-tab-title-text\">\n\t\t\t\tDominuojan\u010di\u0173 med\u017eiag\u0173 ir spalv\u0173 parinkimas\t\t\t<\/span>\n\t\t<\/button>\n\t\t\t\t<button id=\"e-n-tab-title-1880672575\" class=\"e-n-tab-title\" aria-selected=\"false\" data-tab-index=\"5\" role=\"tab\" tabindex=\"-1\" aria-controls=\"e-n-tab-content-1880672575\" style=\"--n-tabs-title-order: 5;\">\n\t\t\t\t\t<span class=\"e-n-tab-icon\">\n\t\t\t<i aria-hidden=\"true\" class=\"fas fa-building\"><\/i>\t\t\t<i aria-hidden=\"true\" class=\"fas fa-building\"><\/i>\t\t<\/span>\n\t\t\t\t\t<span class=\"e-n-tab-title-text\">\n\t\t\t\tFizinio maketo gaminimas\t\t\t<\/span>\n\t\t<\/button>\n\t\t\t\t<button id=\"e-n-tab-title-1880672576\" class=\"e-n-tab-title\" aria-selected=\"false\" data-tab-index=\"6\" role=\"tab\" tabindex=\"-1\" aria-controls=\"e-n-tab-content-1880672576\" style=\"--n-tabs-title-order: 6;\">\n\t\t\t\t\t<span class=\"e-n-tab-icon\">\n\t\t\t<i aria-hidden=\"true\" class=\"fas fa-map\"><\/i>\t\t\t<i aria-hidden=\"true\" class=\"fas fa-map\"><\/i>\t\t<\/span>\n\t\t\t\t\t<span class=\"e-n-tab-title-text\">\n\t\t\t\tBr\u0117\u017einiai\t\t\t<\/span>\n\t\t<\/button>\n\t\t\t\t\t<\/div>\n\t\t\t<div class=\"e-n-tabs-content\">\n\t\t\t\t<div id=\"e-n-tab-content-1880672571\" role=\"tabpanel\" aria-labelledby=\"e-n-tab-title-1880672571\" data-tab-index=\"1\" style=\"--n-tabs-title-order: 1;\" class=\"e-active elementor-element elementor-element-29c1387 e-con-full e-flex e-con e-parent\" data-id=\"29c1387\" data-element_type=\"container\">\n\t\t<div class=\"elementor-element elementor-element-23923e5 e-flex e-con-boxed e-con e-child\" data-id=\"23923e5\" data-element_type=\"container\" data-settings=\"{&quot;background_background&quot;:&quot;classic&quot;}\">\n\t\t\t\t\t<div class=\"e-con-inner\">\n\t\t<div class=\"elementor-element elementor-element-b33ac62 e-con-full e-flex e-con e-parent\" data-id=\"b33ac62\" data-element_type=\"container\">\n\t\t<div class=\"elementor-element elementor-element-392e323 e-con-full e-flex e-con e-parent\" data-id=\"392e323\" data-element_type=\"container\">\n\t\t\t\t<div class=\"elementor-element elementor-element-f8704c6 elementor-widget__width-initial elementor-widget elementor-widget-heading\" data-id=\"f8704c6\" data-element_type=\"widget\" data-widget_type=\"heading.default\">\n\t\t\t\t<div class=\"elementor-widget-container\">\n\t\t\t\t\t<h2 class=\"elementor-heading-title elementor-size-default\">Pateikiame kelet\u0105 pastato projektavimo variant\u0173.<\/h2>\t\t\t\t<\/div>\n\t\t\t\t<\/div>\n\t\t\t\t<\/div>\n\t\t\t\t<\/div>\n\t\t\t\t\t<\/div>\n\t\t\t\t<\/div>\n\t\t\t\t<\/div>\n\t\t<div id=\"e-n-tab-content-1880672572\" role=\"tabpanel\" aria-labelledby=\"e-n-tab-title-1880672572\" data-tab-index=\"2\" style=\"--n-tabs-title-order: 2;\" class=\" elementor-element elementor-element-b17c889 e-con-full e-flex e-con e-parent\" data-id=\"b17c889\" data-element_type=\"container\">\n\t\t<div class=\"elementor-element elementor-element-62f24c3 e-flex e-con-boxed e-con e-child\" data-id=\"62f24c3\" data-element_type=\"container\" data-settings=\"{&quot;background_background&quot;:&quot;classic&quot;}\">\n\t\t\t\t\t<div class=\"e-con-inner\">\n\t\t<div class=\"elementor-element elementor-element-1f21e70 e-con-full e-flex e-con e-parent\" data-id=\"1f21e70\" data-element_type=\"container\">\n\t\t<div class=\"elementor-element elementor-element-e0a4170 e-con-full e-flex e-con e-parent\" data-id=\"e0a4170\" data-element_type=\"container\">\n\t\t\t\t<div class=\"elementor-element elementor-element-4020c50 elementor-widget__width-initial elementor-widget elementor-widget-heading\" data-id=\"4020c50\" data-element_type=\"widget\" data-widget_type=\"heading.default\">\n\t\t\t\t<div class=\"elementor-widget-container\">\n\t\t\t\t\t<h2 class=\"elementor-heading-title elementor-size-default\">Galime sukurti kelis aplinkos sutvarkymo\/projektavimo variantus.<\/h2>\t\t\t\t<\/div>\n\t\t\t\t<\/div>\n\t\t\t\t<\/div>\n\t\t\t\t<\/div>\n\t\t\t\t\t<\/div>\n\t\t\t\t<\/div>\n\t\t\t\t<\/div>\n\t\t<div id=\"e-n-tab-content-1880672573\" role=\"tabpanel\" aria-labelledby=\"e-n-tab-title-1880672573\" data-tab-index=\"3\" style=\"--n-tabs-title-order: 3;\" class=\" elementor-element elementor-element-dc090cf e-con-full e-flex e-con e-parent\" data-id=\"dc090cf\" data-element_type=\"container\">\n\t\t<div class=\"elementor-element elementor-element-1ed806a e-flex e-con-boxed e-con e-child\" data-id=\"1ed806a\" data-element_type=\"container\" data-settings=\"{&quot;background_background&quot;:&quot;classic&quot;}\">\n\t\t\t\t\t<div class=\"e-con-inner\">\n\t\t<div class=\"elementor-element elementor-element-c5d4e97 e-con-full e-flex e-con e-parent\" data-id=\"c5d4e97\" data-element_type=\"container\">\n\t\t<div class=\"elementor-element elementor-element-bf09795 e-con-full e-flex e-con e-parent\" data-id=\"bf09795\" data-element_type=\"container\">\n\t\t\t\t<div class=\"elementor-element elementor-element-bc7d4c4 elementor-widget__width-initial elementor-widget elementor-widget-heading\" data-id=\"bc7d4c4\" data-element_type=\"widget\" data-widget_type=\"heading.default\">\n\t\t\t\t<div class=\"elementor-widget-container\">\n\t\t\t\t\t<h2 class=\"elementor-heading-title elementor-size-default\">Galime sukurti 3D model\u012f ir paversti j\u012f realisti\u0161ka vizualizacija.<\/h2>\t\t\t\t<\/div>\n\t\t\t\t<\/div>\n\t\t\t\t<\/div>\n\t\t\t\t<\/div>\n\t\t\t\t\t<\/div>\n\t\t\t\t<\/div>\n\t\t\t\t<\/div>\n\t\t<div id=\"e-n-tab-content-1880672574\" role=\"tabpanel\" aria-labelledby=\"e-n-tab-title-1880672574\" data-tab-index=\"4\" style=\"--n-tabs-title-order: 4;\" class=\" elementor-element elementor-element-d9783a0 e-con-full e-flex e-con e-parent\" data-id=\"d9783a0\" data-element_type=\"container\">\n\t\t<div class=\"elementor-element elementor-element-3c935a9 e-flex e-con-boxed e-con e-child\" data-id=\"3c935a9\" data-element_type=\"container\" data-settings=\"{&quot;background_background&quot;:&quot;classic&quot;}\">\n\t\t\t\t\t<div class=\"e-con-inner\">\n\t\t<div class=\"elementor-element elementor-element-64cbc3b e-con-full e-flex e-con e-parent\" data-id=\"64cbc3b\" data-element_type=\"container\">\n\t\t<div class=\"elementor-element elementor-element-e34eb6b e-con-full e-flex e-con e-parent\" data-id=\"e34eb6b\" data-element_type=\"container\">\n\t\t\t\t<div class=\"elementor-element elementor-element-5d19ab1 elementor-widget__width-initial elementor-widget elementor-widget-heading\" data-id=\"5d19ab1\" data-element_type=\"widget\" data-widget_type=\"heading.default\">\n\t\t\t\t<div class=\"elementor-widget-container\">\n\t\t\t\t\t<h2 class=\"elementor-heading-title elementor-size-default\">Parenkame tinkamiausias med\u017eiagas ir j\u0173 spalvas.<\/h2>\t\t\t\t<\/div>\n\t\t\t\t<\/div>\n\t\t\t\t<\/div>\n\t\t\t\t<\/div>\n\t\t\t\t\t<\/div>\n\t\t\t\t<\/div>\n\t\t\t\t<\/div>\n\t\t<div id=\"e-n-tab-content-1880672575\" role=\"tabpanel\" aria-labelledby=\"e-n-tab-title-1880672575\" data-tab-index=\"5\" style=\"--n-tabs-title-order: 5;\" class=\" elementor-element elementor-element-d5d46c3 e-con-full e-flex e-con e-parent\" data-id=\"d5d46c3\" data-element_type=\"container\">\n\t\t<div class=\"elementor-element elementor-element-b34897b e-flex e-con-boxed e-con e-child\" data-id=\"b34897b\" data-element_type=\"container\" data-settings=\"{&quot;background_background&quot;:&quot;classic&quot;}\">\n\t\t\t\t\t<div class=\"e-con-inner\">\n\t\t<div class=\"elementor-element elementor-element-b7158da e-con-full e-flex e-con e-parent\" data-id=\"b7158da\" data-element_type=\"container\">\n\t\t<div class=\"elementor-element elementor-element-97cb7d7 e-con-full e-flex e-con e-parent\" data-id=\"97cb7d7\" data-element_type=\"container\">\n\t\t\t\t<div class=\"elementor-element elementor-element-acb1bcb elementor-widget__width-initial elementor-widget elementor-widget-heading\" data-id=\"acb1bcb\" data-element_type=\"widget\" data-widget_type=\"heading.default\">\n\t\t\t\t<div class=\"elementor-widget-container\">\n\t\t\t\t\t<h2 class=\"elementor-heading-title elementor-size-default\">Galime paruo\u0161ti fizin\u012f pastato model\u012f.<\/h2>\t\t\t\t<\/div>\n\t\t\t\t<\/div>\n\t\t\t\t<\/div>\n\t\t\t\t<\/div>\n\t\t\t\t\t<\/div>\n\t\t\t\t<\/div>\n\t\t\t\t<\/div>\n\t\t<div id=\"e-n-tab-content-1880672576\" role=\"tabpanel\" aria-labelledby=\"e-n-tab-title-1880672576\" data-tab-index=\"6\" style=\"--n-tabs-title-order: 6;\" class=\" elementor-element elementor-element-da5e200 e-con-full e-flex e-con e-parent\" data-id=\"da5e200\" data-element_type=\"container\">\n\t\t<div class=\"elementor-element elementor-element-ea7da0d e-flex e-con-boxed e-con e-child\" data-id=\"ea7da0d\" data-element_type=\"container\" data-settings=\"{&quot;background_background&quot;:&quot;classic&quot;}\">\n\t\t\t\t\t<div class=\"e-con-inner\">\n\t\t<div class=\"elementor-element elementor-element-027d045 e-con-full e-flex e-con e-parent\" data-id=\"027d045\" data-element_type=\"container\">\n\t\t<div class=\"elementor-element elementor-element-841adf8 e-con-full e-flex e-con e-parent\" data-id=\"841adf8\" data-element_type=\"container\">\n\t\t\t\t<div class=\"elementor-element elementor-element-2c53ca5 elementor-widget__width-initial elementor-widget elementor-widget-heading\" data-id=\"2c53ca5\" data-element_type=\"widget\" data-widget_type=\"heading.default\">\n\t\t\t\t<div class=\"elementor-widget-container\">\n\t\t\t\t\t<h2 class=\"elementor-heading-title elementor-size-default\">Galime sudaryti: auk\u0161t\u0173 planus, pj\u016bvi\u0173 br\u0117\u017einius, fasadus, situacijos plan\u0105.<\/h2>\t\t\t\t<\/div>\n\t\t\t\t<\/div>\n\t\t\t\t<\/div>\n\t\t\t\t<\/div>\n\t\t\t\t\t<\/div>\n\t\t\t\t<\/div>\n\t\t\t\t<\/div>\n\t\t\t\t\t<\/div>\n\t\t<\/div>\n\t\t\t\t\t\t<\/div>\n\t\t\t\t<\/div>\n\t\t\t\t\t<\/div>\n\t\t\t\t<\/div>\n\t\t<div class=\"elementor-element elementor-element-10e5d06 e-flex e-con-boxed e-con e-parent\" data-id=\"10e5d06\" data-element_type=\"container\" data-settings=\"{&quot;background_background&quot;:&quot;classic&quot;}\">\n\t\t\t\t\t<div class=\"e-con-inner\">\n\t\t\t\t<div class=\"elementor-element elementor-element-c9d819e elementor-widget elementor-widget-heading\" data-id=\"c9d819e\" data-element_type=\"widget\" data-widget_type=\"heading.default\">\n\t\t\t\t<div class=\"elementor-widget-container\">\n\t\t\t\t\t<h2 class=\"elementor-heading-title elementor-size-default\">Dirbkime kartu<\/h2>\t\t\t\t<\/div>\n\t\t\t\t<\/div>\n\t\t\t\t\t<\/div>\n\t\t\t\t<\/div>\n\t\t<div class=\"elementor-element elementor-element-89e19cc e-flex e-con-boxed e-con e-parent\" data-id=\"89e19cc\" data-element_type=\"container\">\n\t\t\t\t\t<div class=\"e-con-inner\">\n\t\t\t\t<div class=\"elementor-element elementor-element-6e828c2 elementor-button-align-stretch elementor-widget elementor-widget-form\" data-id=\"6e828c2\" data-element_type=\"widget\" data-settings=\"{&quot;step_next_label&quot;:&quot;Next&quot;,&quot;step_previous_label&quot;:&quot;Previous&quot;,&quot;button_width&quot;:&quot;100&quot;,&quot;step_type&quot;:&quot;number_text&quot;,&quot;step_icon_shape&quot;:&quot;circle&quot;}\" data-widget_type=\"form.default\">\n\t\t\t\t<div class=\"elementor-widget-container\">\n\t\t\t\t\t\t\t<form class=\"elementor-form\" method=\"post\" id=\"form_01\" name=\"Architekt\u016bros projektavimas ir vizualizacijos \" aria-label=\"Architekt\u016bros projektavimas ir vizualizacijos \">\n\t\t\t<input type=\"hidden\" name=\"post_id\" value=\"1778\"\/>\n\t\t\t<input type=\"hidden\" name=\"form_id\" value=\"6e828c2\"\/>\n\t\t\t<input type=\"hidden\" name=\"referer_title\" value=\"\" \/>\n\n\t\t\t\n\t\t\t<div class=\"elementor-form-fields-wrapper elementor-labels-above\">\n\t\t\t\t\t\t\t\t<div class=\"elementor-field-type-text elementor-field-group elementor-column elementor-field-group-name elementor-col-100 elementor-field-required elementor-mark-required\">\n\t\t\t\t\t\t\t\t\t\t\t\t<label for=\"form-field-name\" class=\"elementor-field-label\">\n\t\t\t\t\t\t\t\tVardas Pavard\u0117\t\t\t\t\t\t\t<\/label>\n\t\t\t\t\t\t\t\t\t\t\t\t\t\t<input size=\"1\" type=\"text\" name=\"form_fields[name]\" id=\"form-field-name\" class=\"elementor-field elementor-size-sm  elementor-field-textual\" placeholder=\"Vardas Pavard\u0117\" required=\"required\">\n\t\t\t\t\t\t\t\t\t\t\t<\/div>\n\t\t\t\t\t\t\t\t<div class=\"elementor-field-type-text elementor-field-group elementor-column elementor-field-group-address elementor-col-100 elementor-field-required elementor-mark-required\">\n\t\t\t\t\t\t\t\t\t\t\t\t<label for=\"form-field-address\" class=\"elementor-field-label\">\n\t\t\t\t\t\t\t\tAdresas\t\t\t\t\t\t\t<\/label>\n\t\t\t\t\t\t\t\t\t\t\t\t\t\t<input size=\"1\" type=\"text\" name=\"form_fields[address]\" id=\"form-field-address\" class=\"elementor-field elementor-size-sm  elementor-field-textual\" placeholder=\"Adresas\" required=\"required\">\n\t\t\t\t\t\t\t\t\t\t\t<\/div>\n\t\t\t\t\t\t\t\t<div class=\"elementor-field-type-number elementor-field-group elementor-column elementor-field-group-number elementor-col-100 elementor-field-required elementor-mark-required\">\n\t\t\t\t\t\t\t\t\t\t\t\t<label for=\"form-field-number\" class=\"elementor-field-label\">\n\t\t\t\t\t\t\t\tPastato numeris\t\t\t\t\t\t\t<\/label>\n\t\t\t\t\t\t\t\t\t<input type=\"number\" name=\"form_fields[number]\" id=\"form-field-number\" class=\"elementor-field elementor-size-sm  elementor-field-textual\" placeholder=\"Pastato numeris\" required=\"required\" min=\"\" max=\"\" >\n\t\t\t\t\t\t<\/div>\n\t\t\t\t\t\t\t\t<div class=\"elementor-field-type-tel elementor-field-group elementor-column elementor-field-group-phone elementor-col-50 elementor-field-required elementor-mark-required\">\n\t\t\t\t\t\t\t\t\t\t\t\t<label for=\"form-field-phone\" class=\"elementor-field-label\">\n\t\t\t\t\t\t\t\tTelefono numeris\t\t\t\t\t\t\t<\/label>\n\t\t\t\t\t\t\t\t<input size=\"1\" type=\"tel\" name=\"form_fields[phone]\" id=\"form-field-phone\" class=\"elementor-field elementor-size-sm  elementor-field-textual\" placeholder=\"Telefono numeris\" required=\"required\" pattern=\"[0-9()#&amp;+*-=.]+\" title=\"Only numbers and phone characters (#, -, *, etc) are accepted.\">\n\n\t\t\t\t\t\t<\/div>\n\t\t\t\t\t\t\t\t<div class=\"elementor-field-type-email elementor-field-group elementor-column elementor-field-group-email elementor-col-50 elementor-field-required elementor-mark-required\">\n\t\t\t\t\t\t\t\t\t\t\t\t<label for=\"form-field-email\" class=\"elementor-field-label\">\n\t\t\t\t\t\t\t\tE-pa\u0161tas\t\t\t\t\t\t\t<\/label>\n\t\t\t\t\t\t\t\t\t\t\t\t\t\t<input size=\"1\" type=\"email\" name=\"form_fields[email]\" id=\"form-field-email\" class=\"elementor-field elementor-size-sm  elementor-field-textual\" placeholder=\"E-pa\u0161tas\" required=\"required\">\n\t\t\t\t\t\t\t\t\t\t\t<\/div>\n\t\t\t\t\t\t\t\t<div class=\"elementor-field-type-textarea elementor-field-group elementor-column elementor-field-group-message elementor-col-100 elementor-field-required elementor-mark-required\">\n\t\t\t\t\t\t\t\t\t\t\t\t<label for=\"form-field-message\" class=\"elementor-field-label\">\n\t\t\t\t\t\t\t\tSituacijos apra\u0161ymas\t\t\t\t\t\t\t<\/label>\n\t\t\t\t\t\t<textarea class=\"elementor-field-textual elementor-field  elementor-size-sm\" name=\"form_fields[message]\" id=\"form-field-message\" rows=\"4\" placeholder=\"Situacijos apra\u0161ymas\" required=\"required\"><\/textarea>\t\t\t\t<\/div>\n\t\t\t\t\t\t\t\t<div class=\"elementor-field-type-upload elementor-field-group elementor-column elementor-field-group-field_d137a1e elementor-col-100 elementor-field-required elementor-mark-required\">\n\t\t\t\t\t\t\t\t\t\t\t\t<label for=\"form-field-field_d137a1e\" class=\"elementor-field-label\">\n\t\t\t\t\t\t\t\tPriedas\t\t\t\t\t\t\t<\/label>\n\t\t\t\t\t\t\t\t<input type=\"file\" name=\"form_fields[field_d137a1e][]\" id=\"form-field-field_d137a1e\" class=\"elementor-field elementor-size-sm  elementor-upload-field\" required=\"required\" multiple=\"multiple\" data-maxsize=\"128\" data-maxsize-message=\"This file exceeds the maximum allowed size.\">\n\n\t\t\t\t\t\t<\/div>\n\t\t\t\t\t\t\t\t<div class=\"elementor-field-group elementor-column elementor-field-type-submit elementor-col-100 e-form__buttons\">\n\t\t\t\t\t<button class=\"elementor-button elementor-size-sm\" type=\"submit\">\n\t\t\t\t\t\t<span class=\"elementor-button-content-wrapper\">\n\t\t\t\t\t\t\t\t\t\t\t\t\t\t\t\t\t\t\t\t\t\t<span class=\"elementor-button-text\">Si\u0173sti<\/span>\n\t\t\t\t\t\t\t\t\t\t\t\t\t<\/span>\n\t\t\t\t\t<\/button>\n\t\t\t\t<\/div>\n\t\t\t<\/div>\n\t\t<\/form>\n\t\t\t\t\t\t<\/div>\n\t\t\t\t<\/div>\n\t\t\t\t\t<\/div>\n\t\t\t\t<\/div>\n\t\t\t\t<\/div>\n\t\t","protected":false},"excerpt":{"rendered":"<p>Koncepciniai br\u0117\u017einiai Aplinkos sutvarkymo sprendimai 3D modeliavimas ir 3D vizualizacija Dominuojan\u010di\u0173 med\u017eiag\u0173 ir spalv\u0173 parinkimas Fizinio maketo gaminimas Br\u0117\u017einiai Koncepciniai br\u0117\u017einiai Pateikiame [&hellip;]<\/p>\n","protected":false},"author":1,"featured_media":0,"parent":0,"menu_order":0,"comment_status":"closed","ping_status":"closed","template":"","meta":{"om_disable_all_campaigns":false,"_monsterinsights_skip_tracking":false,"_monsterinsights_sitenote_active":false,"_monsterinsights_sitenote_note":"","_monsterinsights_sitenote_category":0,"footnotes":""},"class_list":["post-1778","page","type-page","status-publish","hentry"],"_links":{"self":[{"href":"https:\/\/metopa.pro\/lt\/wp-json\/wp\/v2\/pages\/1778","targetHints":{"allow":["GET"]}}],"collection":[{"href":"https:\/\/metopa.pro\/lt\/wp-json\/wp\/v2\/pages"}],"about":[{"href":"https:\/\/metopa.pro\/lt\/wp-json\/wp\/v2\/types\/page"}],"author":[{"embeddable":true,"href":"https:\/\/metopa.pro\/lt\/wp-json\/wp\/v2\/users\/1"}],"replies":[{"embeddable":true,"href":"https:\/\/metopa.pro\/lt\/wp-json\/wp\/v2\/comments?post=1778"}],"version-history":[{"count":7,"href":"https:\/\/metopa.pro\/lt\/wp-json\/wp\/v2\/pages\/1778\/revisions"}],"predecessor-version":[{"id":1814,"href":"https:\/\/metopa.pro\/lt\/wp-json\/wp\/v2\/pages\/1778\/revisions\/1814"}],"wp:attachment":[{"href":"https:\/\/metopa.pro\/lt\/wp-json\/wp\/v2\/media?parent=1778"}],"curies":[{"name":"wp","href":"https:\/\/api.w.org\/{rel}","templated":true}]}}